{"id":2,"date":"2007-02-23T00:13:14","date_gmt":"2007-02-22T23:13:14","guid":{"rendered":"https:\/\/www.canal-literatura.es\/4certamen\/salzillo\/?page_id=2"},"modified":"2016-01-27T00:58:41","modified_gmt":"2016-01-26T23:58:41","slug":"finalistas","status":"publish","type":"page","link":"https:\/\/www.canal-literatura.es\/4certamen\/salzillo\/finalistas\/","title":{"rendered":"Finalistas"},"content":{"rendered":"<p style=\"text-align: center;\"><strong>\u00c1ngel Moreno Delgado<\/strong><br \/>\nSeud\u00f3nimo: AMD<\/p>\n<p><img decoding=\"async\" class=\"aligncenter\" src=\"https:\/\/www.canal-literatura.es\/finalistas4_archivos\/Angel_Moreno.jpg\" alt=\"\" \/><\/p>\n<p style=\"text-align: center;\"><strong>Palma de Mallorca<\/strong><\/p>\n<p align=\"center\"><span style=\"color: #990000;\"><b>Relato n\u00ba 21<\/b><\/span><\/p>\n<p align=\"center\"><span lang=\"es\"><span style=\"color: #990000;\"><b>\u00a0T\u00edtulo: Fuego en la mano de Salzillo<\/b><\/span><\/span><\/p>\n<p style=\"text-align: justify;\">Resido en Palma de Mallorca donde ejerzo desde hace varios a\u00f1os mi profesi\u00f3n de ingeniero en una empresa privada. Nac\u00ed en Ciudad Rodrigo, provincia de Salamanca, lugar que por fidelidades diversas visito con frecuencia.<br \/>\nMi relaci\u00f3n con la literatura\u00a0 se fundamenta esencialmente en la vocaci\u00f3n lectora de poes\u00eda, en el pacto, muchas veces atrevido, que establezco al compartir la conciencia, el prop\u00f3sito moral, los asombros, y en definitiva el mundo personal y m\u00e1gico del creador. En estas coordenadas la emoci\u00f3n ajena adquiere aliento propio al evocarla por medio de la lectura, pasarla por distinto coraz\u00f3n y depositarla con respeto en una nueva vida con perspectiva diferente, m\u00e1s c\u00e1lida por cercana y m\u00e1s \u00edntima por voluntad. Hago m\u00edo el razonamiento de Carlos Marzal cuando refiri\u00e9ndose al universo lector afirma: \u00abSi la \u00fanica tarea a la que el hombre no debe renunciar es la de tratar de ser feliz en su paso por la vida, la literatura constituye un buen instrumento para acometerla\u00bb. Yo con mis evidentes limitaciones intento escribir, casi siempre poes\u00eda, que guardo celosamente en el \u00e1mbito emocional m\u00e1s cercano.<\/p>\n<p style=\"text-align: justify;\">\u00a0Es la segunda vez que participo en un certamen literario y en ambos he tenido la satisfacci\u00f3n de ser finalista. En esta ocasi\u00f3n dos circunstancias me animaron a concursar: el impacto que produjo mi visita el pasado a\u00f1o al Museo Salzillo y la de ser un usuario habitual del Canal Literatura que, junto a la Consejer\u00eda de Educaci\u00f3n y Cultura de la Regi\u00f3n de Murcia, convocan este Certamen.<br \/>\nY hasta aqu\u00ed debo contarles. No es mucho pero es casi todo. Gracias.<\/p>\n<p align=\"center\"><b>M\u00aa Dolores S\u00e1nchez L\u00e1zaro-Carrasco<\/b><\/p>\n<p align=\"center\"><span style=\"color: #990000;\"><b><span lang=\"es\">Seud\u00f3nimo<\/span><\/b><\/span><span style=\"color: #800000;\"><b>: Sala<\/b><\/span><\/p>\n<p style=\"text-align: center;\"><img decoding=\"async\" class=\"aligncenter\" src=\"https:\/\/www.canal-literatura.es\/finalistas4_archivos\/DoloresSanchez4.jpg\" alt=\"\" \/><strong>Madrid<\/strong><\/p>\n<p align=\"center\"><b><span style=\"color: #800000;\">RELATO<span lang=\"es\"> n\u00ba <\/span><\/span><\/b><span style=\"color: #800000;\"><b>4<\/b><\/span><\/p>\n<p align=\"center\"><b><span style=\"color: #800000;\">\u00a0 <span lang=\"es\">\u00a0T\u00edtulo:\u00a0 <\/span><\/span><\/b><span style=\"color: #800000;\"><b>Esa Mirada<\/b><\/span><\/p>\n<p style=\"text-align: justify;\">Nac\u00ed en Madrid en el a\u00f1o 1963, donde actualmente resido. Casada con tres hijos.<br \/>\nEstudi\u00e9 Derecho y actualmente he vuelto a la vida de estudiante, ya que estoy haciendo Historia, una experiencia fascinante. Entre mis hobbies se encuentra la lectura, los viajes y por supuesto la escritura, buena amiga con la que comparto extraordinarios momentos.<\/p>\n<p style=\"text-align: center;\"><b>Juan Carlos Garrido del Pozo<\/b><\/p>\n<p style=\"text-align: center;\"><img decoding=\"async\" class=\"aligncenter\" src=\"https:\/\/www.canal-literatura.es\/finalistas4_archivos\/JCGarrido.jpg\" alt=\"\" \/><\/p>\n<p style=\"text-align: center;\"><strong>Madrid<\/strong><\/p>\n<p align=\"center\"><span style=\"color: #990000;\"><b>Relato n\u00ba <\/b><\/span><span lang=\"es\"><span style=\"color: #990000;\"><b>18\u00a0<\/b><\/span><\/span><\/p>\n<p align=\"center\"><span lang=\"es\"><span style=\"color: #990000;\"><b>\u00a0T\u00edtulo: <\/b><\/span><\/span><span style=\"color: #990000;\"><b>Doliente<\/b><\/span><\/p>\n<p style=\"text-align: justify;\">Nac\u00ed en \u00c1vila en 1965 y, tras cursar estudios de ingenier\u00eda de telecomunicaci\u00f3n, me gano la vida dedicado a algo tan poco relacionado con la literatura como la automatizaci\u00f3n industrial. Aunque siempre he sido un lector compulsivo, mi acceso a la literatura como escritor es relativamente reciente, unos cuatro a\u00f1os.<\/p>\n<p style=\"text-align: justify;\">Mi primera novela, \u201cSombras chinescas\u201d, que era tambi\u00e9n lo primero que escrib\u00eda, result\u00f3 elegida como una de las diez finalistas del premio Planeta 2005. Esta circunstancia acab\u00f3 por meterme en el cuerpo el veneno de la escritura y, desde entonces, he concurrido a casi un centenar de cert\u00e1menes de toda \u00edndole, limit\u00e1ndose mis \u00e9xitos a llegar a finalista de uno de estos premios, adem\u00e1s del presente. A pesar de esto, y de que mi esposa alberga el firme convencimiento de que jam\u00e1s llegar\u00e9 a recuperar lo que he invertido en fotocopias, encuadernaciones y sellos, contin\u00fao escribiendo tanto como me lo permite el trabajo que me mantiene y el hecho de tener dos hijos en edad de romper zapatos, y participando en todo concurso que se pone a mi alcance, que no son pocos.<\/p>\n<p style=\"text-align: center;\"><b>Luis\u00a0 Oroz Rodr\u00edguez<\/b><\/p>\n<p style=\"text-align: justify;\"><img decoding=\"async\" class=\"aligncenter\" src=\"https:\/\/www.canal-literatura.es\/finalistas4_archivos\/Luis_Oroz.jpg\" alt=\"\" \/><\/p>\n<p style=\"text-align: center;\"><strong>Madrid<\/strong><\/p>\n<p align=\"center\"><span style=\"color: #990000;\"><b>Relato n\u00ba 8<\/b><\/span><\/p>\n<p align=\"center\"><span lang=\"es\"><span style=\"color: #990000;\"><b>\u00a0T\u00edtulo: <\/b><\/span><\/span><span style=\"color: #990000;\"><b>La vida se desliza.<\/b><\/span><\/p>\n<p style=\"text-align: justify;\">Soy Luis Oroz, mi peque\u00f1o curr\u00edculum est\u00e1 en la p\u00e1gina del <a href=\"https:\/\/www.canal-literatura.es\/modules.php?name=News&amp;file=article&amp;sid=311&amp;mode=&amp;order=0&amp;thold=0\">segundo certamen \u201cpoemas sin rostro\u201d<\/a> de este a\u00f1o.<\/p>\n<p style=\"text-align: justify;\">\u00a0 No pude resistirme a la tentaci\u00f3n (\u00bfCrees en la fuerza de la palabra? El reto es trasmitir una imagen en 150 palabras)<\/p>\n<p style=\"text-align: justify;\">\u00a0\u00a0 \u00a1Si es casi una definici\u00f3n de poes\u00eda! y esa es mi pasi\u00f3n, la poes\u00eda.<\/p>\n<p style=\"text-align: justify;\">Eso unido a mi profundo ateismo hizo que participara, que me sentara a mirar ese gesto que el escultor arranc\u00f3 de sus instintos.<\/p>\n<p style=\"text-align: justify;\">\u00a0\u00a0 El m\u00e9rito, si hay alguno, es realmente suyo.<\/p>\n<p style=\"text-align: justify;\">Despose\u00eddo de un sentimiento religioso, no sab\u00eda si realmente era lo que se ped\u00eda, pero lo dicho, no pude resistirme.<\/p>\n<p style=\"text-align: justify;\">\u00a0\u00a0 Soy autodidacta, y creo profundamente en la poes\u00eda \u201cdel instinto\u201d no me queda otra.<\/p>\n<p style=\"text-align: justify;\">Luis Oroz.<\/p>\n<p style=\"text-align: center;\"><b>Isabel Navarro Verdu<\/b><\/p>\n<p style=\"text-align: justify;\"><img decoding=\"async\" class=\"aligncenter\" src=\"https:\/\/www.canal-literatura.es\/finalistas4_archivos\/IsabelNavarro.jpg\" alt=\"\" \/><\/p>\n<p style=\"text-align: center;\"><b>Santiago de Compostela<\/b><\/p>\n<p>&nbsp;<\/p>\n<p align=\"center\"><span style=\"color: #990000;\"><b>Relato n\u00ba <span lang=\"es\">30<\/span><\/b><\/span><\/p>\n<p align=\"center\"><span style=\"color: #990000;\"><b><span lang=\"es\">T\u00edtulo:\u00a0 <\/span>Ma\u00f1ana de Viernes Santo<\/b><\/span><\/p>\n<p style=\"text-align: justify;\">Nac\u00ed en Murcia hace ya cincuenta a\u00f1os. Sal\u00ed de ella a los dieciocho&#8230;y, desde entonces, me escapo a mi tierra cada vez que tengo ocasi\u00f3n. Cuando m\u00e1s echo de menos\u00a0 estar all\u00ed es en Viernes Santo, ya que, desde ni\u00f1a, me han hecho madrugar para ver la procesi\u00f3n y eso no se olvida. Un d\u00eda en el mes de marzo, entre al foro de literatura y vi a mi Nazareno\u2026<\/p>\n<p style=\"text-align: justify;\">Era la primera vez que escrib\u00eda algo\u00a0 para enviarlo a un concurso, me li\u00e9 tanto con las palabras, que al final qued\u00f3 una esencia de todo lo que yo quer\u00eda contar, por eso es un halago para mi, encontrarme entre los seis finalistas de este certamen, mi trabajo es la pintura, no la palabra, y fundir las dos cosas me llena de satisfacci\u00f3n.<\/p>\n<p>\u00a0Un saludo a todos. Isabel<\/p>\n<p>&nbsp;<\/p>\n<p align=\"center\"><b>Enrique Encabo<\/b><\/p>\n<p align=\"center\"><span style=\"color: #990000;\"><b><span lang=\"es\">Seud\u00f3nimo : Ra\u00fal<\/span><\/b><\/span><\/p>\n<p align=\"center\"><img decoding=\"async\" src=\"https:\/\/www.canal-literatura.es\/BLOG\/fotos\/escritorP.jpg\" alt=\"\" \/><\/p>\n<p align=\"center\"><strong>Murcia<\/strong><\/p>\n<p style=\"text-align: justify;\" align=\"center\">Enrique Encabo es Doctor en Teor\u00eda de la literatura y literatura comparada por la Universitat Aut\u00f2noma de Barcelona. Ha realizado labores como asesor de direcci\u00f3n art\u00edstica del Gran Teatre del Liceu y en la actualidad es profesor en la Facultad de Educaci\u00f3n\u00a0de la Universidad de Murcia. Ha participado en numerosos congresos nacionales e internacionales, destacando entre ellos \u00abCultural Conquests 1500- 2000\u00bb (Praga, 2003) y \u00abNew Directions in the Humanities\u00bb (Florencia, 2004). Igualmente, es autor de numerosas publicaciones sobre la interrelaci\u00f3n entre filosof\u00eda, arte y pensamiento. Colabora habitualmente con el departamento de Filolog\u00eda Espanyola de la Universitat Aut\u00f2noma de Barcelona. Recientemente ha sido galardonado con el premio Mario Vargas Llosa de cuento (2005).<\/p>\n","protected":false},"excerpt":{"rendered":"<p>\u00c1ngel Moreno Delgado Seud\u00f3nimo: AMD Palma de Mallorca Relato n\u00ba 21 \u00a0T\u00edtulo: Fuego en la mano de Salzillo Resido en Palma de Mallorca donde ejerzo desde hace varios a\u00f1os mi profesi\u00f3n de ingeniero en una empresa privada. Nac\u00ed en Ciudad Rodrigo, provincia de Salamanca, lugar que por fidelidades diversas visito con frecuencia. Mi relaci\u00f3n con [&hellip;]<\/p>\n","protected":false},"author":1,"featured_media":0,"parent":0,"menu_order":0,"comment_status":"open","ping_status":"open","template":"","meta":[],"_links":{"self":[{"href":"https:\/\/www.canal-literatura.es\/4certamen\/salzillo\/wp-json\/wp\/v2\/pages\/2"}],"collection":[{"href":"https:\/\/www.canal-literatura.es\/4certamen\/salzillo\/wp-json\/wp\/v2\/pages"}],"about":[{"href":"https:\/\/www.canal-literatura.es\/4certamen\/salzillo\/wp-json\/wp\/v2\/types\/page"}],"author":[{"embeddable":true,"href":"https:\/\/www.canal-literatura.es\/4certamen\/salzillo\/wp-json\/wp\/v2\/users\/1"}],"replies":[{"embeddable":true,"href":"https:\/\/www.canal-literatura.es\/4certamen\/salzillo\/wp-json\/wp\/v2\/comments?post=2"}],"version-history":[{"count":5,"href":"https:\/\/www.canal-literatura.es\/4certamen\/salzillo\/wp-json\/wp\/v2\/pages\/2\/revisions"}],"predecessor-version":[{"id":43,"href":"https:\/\/www.canal-literatura.es\/4certamen\/salzillo\/wp-json\/wp\/v2\/pages\/2\/revisions\/43"}],"wp:attachment":[{"href":"https:\/\/www.canal-literatura.es\/4certamen\/salzillo\/wp-json\/wp\/v2\/media?parent=2"}],"curies":[{"name":"wp","href":"https:\/\/api.w.org\/{rel}","templated":true}]}}