{"id":2,"date":"2009-02-03T21:05:49","date_gmt":"2009-02-03T20:05:49","guid":{"rendered":"http:\/\/www.canal-literatura.es\/6certamen\/?page_id=2"},"modified":"2016-01-28T15:29:29","modified_gmt":"2016-01-28T13:29:29","slug":"informacion","status":"publish","type":"page","link":"https:\/\/www.canal-literatura.es\/6certamen\/?page_id=2","title":{"rendered":"Informaci\u00f3n"},"content":{"rendered":"<p>Es importante que revise todas las p\u00e1ginas disponibles en esta web, ya que contienen toda la informaci\u00f3n necesaria para participar, sobre todo las\u00a0 <strong><a href=\"https:\/\/www.canal-literatura.es\/6certamen\/?page_id=9\" target=\"_self\">Bases<\/a><\/strong>, la informaci\u00f3n del jurado y patrocinadores, as\u00ed como las fechas de convocatoria y plazos y la forma correcta de env\u00edo de los documentos necesarios para participar.<\/p>\n<p>Todos los\u00a0relatos,\u00a0p\u00e1ginas \u00a0y noticias pueden recibir comentarios de los lectores o participantes, estos ser\u00e1n moderados, pero pedimos de antemano que sean respetuosos con las obras presentadas y, tanto si \u00a0los comentarios son favorables\u00a0como si \u00a0no, se mantengan en una l\u00ednea de correcci\u00f3n que permita un di\u00e1logo fluido y enriquecedor.<\/p>\n<p>Como podr\u00e1n observar se puede votar toda la informaci\u00f3n y comentarios de esta p\u00e1gina , expcepto los relatos, cuya votaci\u00f3n se abrir\u00e1 una vez finalizado el plazo de envio de originales. En ese momento,el 15 de abril del 2009,\u00a0se podr\u00e1n votar tambi\u00e9n con objeto de\u00a0establecer \u00a0el\u00a0relato \u00a0ganador del <strong>PREMIO DEL P\u00daBLICO<\/strong>\u00a0a trav\u00e9s de los votos recibidos\u00a0en las \u00a0diez estrellas que aparecer\u00e1n debajo de cada poema. Pinchar en la\u00a0d\u00e9cima estrella es la m\u00e1xima cualificaci\u00f3n, aunque lo que determinar\u00e1 el ganador de este premio de los lectores\u00a0es el n\u00famero de votos totales y, s\u00f3lo en caso de empate, se decidir\u00e1 por la media de puntuaci\u00f3n obtenida. Este premio del p\u00fablico, no tiene nada que ver con los tres ganadores del certamen que ser\u00e1n elegidos por un jurado cualificado.<\/p>\n<p>Tambi\u00e9n pedimos a los votantes respeto en las votaciones, <strong>s\u00f3lo se puede votar a cada relato una vez<\/strong>, tal como permite el\u00a0 sistema. Nuestros t\u00e9cnicos tienen suficiente experiencia para detectar votaciones fraudulentas en\u00a0 muchos aspectos y no se dar\u00e1 ninguna explicaci\u00f3n a este respecto cuando haya que descalificar alg\u00fan relato.<\/p>\n<p>Si tiene otras concultas que realizar\u00a0u otro tipo de comentarios generales, hay un apartado en el <a href=\"http:\/\/www.canal-literatura.es\/ForoV\/viewforum.php?f=31\" target=\"_blank\">FORO NUEVO<\/a>\u00a0dedicado a este certamen. Deje all\u00ed sus consultas, pron\u00f3sticos u opiniones.<\/p>\n<p>Gracias por visitarnos y participar. Esperamos que sea una grata experiencia para todos.<\/p>\n<p style=\"text-align: center;\">*************************<\/p>\n<p>La entrega de premios ser\u00e1 el <strong>4 de Julio del 2009<\/strong> en Murcia, \u00a0d\u00f3nde se entregar\u00e1n adem\u00e1s los premios del \u00a0<a title=\"IV cetrtamen de Poemas\" href=\"http:\/\/canal-literatura.com\/Apoesia4\/\" target=\"_blank\">IV Certamen \u00abPoemas sin Rostro 2008 <\/a>\u00a0y  del <a title=\"Premio Especial 2009\" href=\"https:\/\/www.canal-literatura.es\/6certamen\/PremioEspecial\/\" target=\"_blank\"> \u00abPremio Especial 2009 <\/a>a la que acudir\u00e1n los componentes de todos los  jurados, <strong>Emilio Hidalgo Serna, Elosy S\u00e1nchez Rosillo, Luis Alberto de Cuenca, Ana M\u00aa Tom\u00e1s,\u00a0Pau P\u00e9rez\u00a0 y Jos\u00e9 Belmonte, Carmen Posadas y Carlos Marzal<\/strong><br \/>\n&nbsp;<br \/>\n&nbsp;<\/p>\n","protected":false},"excerpt":{"rendered":"<p>Es importante que revise todas las p\u00e1ginas disponibles en esta web, ya que contienen toda la informaci\u00f3n necesaria para participar, sobre todo las\u00a0 Bases, la informaci\u00f3n del jurado y patrocinadores, as\u00ed como las fechas de convocatoria y plazos y la forma correcta de env\u00edo de los documentos necesarios para participar. Todos los\u00a0relatos,\u00a0p\u00e1ginas \u00a0y noticias pueden recibir comentarios de los lectores o participantes, estos ser\u00e1n moderados, pero pedimos de antemano que sean respetuosos con las obras presentadas y, tanto si \u00a0los comentarios son favorables\u00a0como si \u00a0no, se mantengan en una l\u00ednea de correcci\u00f3n que permita un di\u00e1logo fluido y enriquecedor. Como\u2026<\/p>\n<p> <a class=\"continue-reading-link\" href=\"https:\/\/www.canal-literatura.es\/6certamen\/?page_id=2\"><span>Continuar leyendo<\/span><i class=\"crycon-right-dir\"><\/i><\/a> <\/p>\n","protected":false},"author":1,"featured_media":0,"parent":0,"menu_order":0,"comment_status":"open","ping_status":"open","template":"","meta":[],"amp_enabled":true,"_links":{"self":[{"href":"https:\/\/www.canal-literatura.es\/6certamen\/index.php?rest_route=\/wp\/v2\/pages\/2"}],"collection":[{"href":"https:\/\/www.canal-literatura.es\/6certamen\/index.php?rest_route=\/wp\/v2\/pages"}],"about":[{"href":"https:\/\/www.canal-literatura.es\/6certamen\/index.php?rest_route=\/wp\/v2\/types\/page"}],"author":[{"embeddable":true,"href":"https:\/\/www.canal-literatura.es\/6certamen\/index.php?rest_route=\/wp\/v2\/users\/1"}],"replies":[{"embeddable":true,"href":"https:\/\/www.canal-literatura.es\/6certamen\/index.php?rest_route=%2Fwp%2Fv2%2Fcomments&post=2"}],"version-history":[{"count":0,"href":"https:\/\/www.canal-literatura.es\/6certamen\/index.php?rest_route=\/wp\/v2\/pages\/2\/revisions"}],"wp:attachment":[{"href":"https:\/\/www.canal-literatura.es\/6certamen\/index.php?rest_route=%2Fwp%2Fv2%2Fmedia&parent=2"}],"curies":[{"name":"wp","href":"https:\/\/api.w.org\/{rel}","templated":true}]}}