{"id":534,"date":"2011-03-30T11:40:50","date_gmt":"2011-03-30T10:40:50","guid":{"rendered":"https:\/\/www.canal-literatura.es\/7certamen\/premiodamasco\/?page_id=534"},"modified":"2020-06-16T00:03:38","modified_gmt":"2020-06-15T22:03:38","slug":"finalistas","status":"publish","type":"page","link":"https:\/\/www.canal-literatura.es\/7certamen\/premiodamasco\/?page_id=534","title":{"rendered":"Finalistas"},"content":{"rendered":"<p><strong> Texto<\/strong><\/p>\n<p><center><a title=\"8- Mi verso Ap\u00f3crifo. Por Antian\u00f3nimo\" href=\"https:\/\/www.canal-literatura.es\/7certamen\/premiodamasco\/?p=160\" target=\"_blank\" rel=\"noopener noreferrer\"><img decoding=\"async\" loading=\"lazy\" title=\"Virginia Cant\u00f3 Ramirez - Finalista Texto\" src=\"https:\/\/www.canal-literatura.es\/7certamen\/premiodamasco\/finalistas\/VirginiaCantoRamirez.jpg\" alt=\"\" width=\"400\" height=\"\" \/><\/a><\/center><\/p>\n<p style=\"text-align: justify;\"><strong>VIRGINIA CANT\u00d3<\/strong> es licenciada en Filolog\u00eda Hisp\u00e1nica por la Universidad  Complutense de Madrid y m\u00e1ster en Literatura Espa\u00f1ola en dicha universidad, donde actualmente redacta su tesis doctoral sobre poes\u00eda espa\u00f1ola del siglo XX.<\/p>\n<p>Presidenta de la Asociaci\u00f3n de J\u00f3venes Escritores de la Regi\u00f3n desde el a\u00f1o 2005, ha sido premiada en diversos cert\u00e1menes literarios, tales como el\u00a0 Premio <em>M\u00aa. Agustina <\/em>de poes\u00eda, <em>Murcia Joven, Emilia Pardo Baz\u00e1n<\/em> en ambas modalidades, <em>La Pluma<\/em><em> en Verde, Algazara<\/em> de microrrelatos de la editorial Hip\u00e1lague, entre otros.<\/p>\n<p>Ha publicado el poemario \u201cFe de erratas\u201d (editorial <em>Biblioteca Nueva<\/em>, 2010) y \u201cPoemas para zurdos\u201d (<em>Renacimiento<\/em>, 2010) y ha colaborado con el relato \u201cLa \u00fanica verdad\u201d en el volumen titulado <em>Cuentos Al\u00edgeros<\/em> de la editorial Hip\u00e1lage.<\/p>\n<p>Actualmente disfruta de la beca literaria <em>GeneraCci\u00f3n, <\/em>patrocinada por el Instituto de la Juventud de la Regi\u00f3n de Murcia durante dos cursos acad\u00e9micos.<\/p>\n<p><strong>Virginia Cant\u00f3 Ram\u00edrez \u00a0(Madrid)<\/strong><\/p>\n<p>&nbsp;<\/p>\n<p><strong>Multimedia &#8211; Video<\/strong><\/p>\n<p><strong> <\/strong><\/p>\n<p><center><strong><a title=\"20- Buscando. Por Inquiet@\" href=\"https:\/\/www.canal-literatura.es\/7certamen\/premiodamasco\/?p=280\" target=\"_blank\" rel=\"noopener noreferrer\"><img decoding=\"async\" loading=\"lazy\" title=\"Daniele Branchina - Finalista Video\" src=\"https:\/\/www.canal-literatura.es\/7certamen\/premiodamasco\/finalistas\/DanieleBranchina.jpg\" alt=\"\" width=\"400\" height=\"\" \/><\/a><\/strong><\/center><\/p>\n<p style=\"text-align: justify;\">Siempre me ha gustado dibujar y dise\u00f1ar en el ordenador. Desde hace a\u00f1os empec\u00e9 a editar video para poder subir a Youtube las carreras y los saltos que hac\u00edamos un grupo de amigos practicando  Skateboard.<br \/>\nHe hecho distintos dibujos y dise\u00f1os, pero nunca me hab\u00eda presentado a un concurso. Cuando me hablaron de este premio como  no conoc\u00eda al personaje,  anduve buscando en Google, as\u00ed que pens\u00e9 que ser\u00eda buena idea hacer un video con esa experiencia. En la actualidad estudio F\u00edsicas en la Universidad de Murcia, sigo practicando mi deporte favorito y espero ir mejorando mi experiencia como dise\u00f1ador multimedia.<\/p>\n<p><strong>Daniele Branchina (Murcia)<\/strong><\/p>\n<p><strong>Fotograf\u00eda <\/strong><\/p>\n<p><center><a title=\"10- Huellas de Ibn Arabi en el siglo XXI. Por Aldonza\" href=\"https:\/\/www.canal-literatura.es\/7certamen\/premiodamasco\/?p=179\" target=\"_blank\" rel=\"noopener noreferrer\"><img decoding=\"async\" loading=\"lazy\" title=\"M\u00aa Luisa Torrecillas P\u00e9rez - Finalista Fotograf\u00eda\" src=\"https:\/\/www.canal-literatura.es\/7certamen\/premiodamasco\/finalistas\/MLuisaTorrecillas.jpg\" alt=\"\" width=\"300\" height=\"365\" \/><\/a><\/center><\/p>\n<p style=\"text-align: justify;\">Soy murciana, estudi\u00e9 Empresariales y mi trabajo est\u00e1 directamente relacionado con el dise\u00f1o gr\u00e1fico y con Internet.<br \/>\nEntrando a San Pedro del Pinatar (Murcia) me encontr\u00e9 con esta iglesia en medio de un descampado que me gust\u00f3 por su estructura modernista con reminiscencias \u00e1rabes. Ten\u00eda las fotos desde hace tiempo y cuando vi la convocatoria de este premio  decidid\u00ed enviar este composici\u00f3n destacando con la palabra \u00abAmor\u00bb la filosof\u00eda de Ibn Arab\u00ed.<br \/>\nHa sido una sorpresa que fuese elegida como finalista, porque hab\u00eda fotos muy buenas, pero he recibido la noticia con mucha alegr\u00eda.<br \/>\nGracias a todos.<\/p>\n<p><strong>M\u00aa Luisa Torrecillas P\u00e9rez (Murcia)<\/strong><\/p>\n","protected":false},"excerpt":{"rendered":"<p>Texto VIRGINIA CANT\u00d3 es licenciada en Filolog\u00eda Hisp\u00e1nica por la Universidad Complutense de Madrid y m\u00e1ster en Literatura Espa\u00f1ola en dicha universidad, donde actualmente redacta su tesis doctoral sobre poes\u00eda espa\u00f1ola del siglo XX. Presidenta de la Asociaci\u00f3n de J\u00f3venes Escritores de la Regi\u00f3n desde el a\u00f1o 2005, ha sido&#8230;<\/p>\n<p class=\"continue-reading-button\"> <a class=\"continue-reading-link\" href=\"https:\/\/www.canal-literatura.es\/7certamen\/premiodamasco\/?page_id=534\">Leer m\u00e1s<i class=\"crycon-right-dir\"><\/i><\/a><\/p>\n","protected":false},"author":1,"featured_media":0,"parent":0,"menu_order":0,"comment_status":"closed","ping_status":"open","template":"","meta":[],"amp_enabled":true,"_links":{"self":[{"href":"https:\/\/www.canal-literatura.es\/7certamen\/premiodamasco\/index.php?rest_route=\/wp\/v2\/pages\/534"}],"collection":[{"href":"https:\/\/www.canal-literatura.es\/7certamen\/premiodamasco\/index.php?rest_route=\/wp\/v2\/pages"}],"about":[{"href":"https:\/\/www.canal-literatura.es\/7certamen\/premiodamasco\/index.php?rest_route=\/wp\/v2\/types\/page"}],"author":[{"embeddable":true,"href":"https:\/\/www.canal-literatura.es\/7certamen\/premiodamasco\/index.php?rest_route=\/wp\/v2\/users\/1"}],"replies":[{"embeddable":true,"href":"https:\/\/www.canal-literatura.es\/7certamen\/premiodamasco\/index.php?rest_route=%2Fwp%2Fv2%2Fcomments&post=534"}],"version-history":[{"count":1,"href":"https:\/\/www.canal-literatura.es\/7certamen\/premiodamasco\/index.php?rest_route=\/wp\/v2\/pages\/534\/revisions"}],"predecessor-version":[{"id":787,"href":"https:\/\/www.canal-literatura.es\/7certamen\/premiodamasco\/index.php?rest_route=\/wp\/v2\/pages\/534\/revisions\/787"}],"wp:attachment":[{"href":"https:\/\/www.canal-literatura.es\/7certamen\/premiodamasco\/index.php?rest_route=%2Fwp%2Fv2%2Fmedia&parent=534"}],"curies":[{"name":"wp","href":"https:\/\/api.w.org\/{rel}","templated":true}]}}