{"id":1737,"date":"2011-10-11T10:42:31","date_gmt":"2011-10-11T08:42:31","guid":{"rendered":"http:\/\/www.canal-literatura.es\/8certamen\/?page_id=1737"},"modified":"2011-10-18T01:05:34","modified_gmt":"2011-10-17T23:05:34","slug":"ganadores","status":"publish","type":"page","link":"https:\/\/www.canal-literatura.es\/8certamen\/ganadores\/","title":{"rendered":"Ganadores"},"content":{"rendered":"<h1 style=\"text-align: center;\"><span style=\"color: #39c6c6;\">Momentos Ganadores<\/span><\/h1>\n<h2 style=\"text-align: center;\"><em>Primer premio<\/em><\/h2>\n<h2 style=\"text-align: center;\">Jos\u00e9 Juan Mart\u00ednez Romero (Murcia)<\/h2>\n<p style=\"text-align: center;\"><strong><a title=\"Enlace a 150- La Plantaci\u00f3n. Por Archibaldo\" rel=\"bookmark\" href=\"https:\/\/www.canal-literatura.es\/8certamen\/?p=1031\">150- La Plantaci\u00f3n. Por Archibaldo <\/a><\/strong><\/p>\n<p style=\"text-align: center;\"><strong><img loading=\"lazy\" decoding=\"async\" class=\"aligncenter\" title=\"Jos\u00e9 Juan Mart\u00ednez Romero\" src=\"https:\/\/www.canal-literatura.es\/8certamen\/wp-content\/uploads\/2011\/10\/canal-literatura-123.jpg\" alt=\"Jos\u00e9 Juan Mart\u00ednez Romero\" width=\"640\" height=\"426\" \/><\/strong><\/p>\n<p>\u00a0Cuaderno de Bit\u00e1cora del Capit\u00e1n Archibaldo de Adoque<br \/>\nFecha: 8 de octubre de 2011<br \/>\nLugar: Hotel NH Amistad (Murcia)<\/p>\n<p>El nombre del hotel ya nos da una pista de lo que all\u00ed aconteci\u00f3: una reuni\u00f3n de amantes de la literatura, de las letras, de los libros. Una reuni\u00f3n para premiar el amor a la palabra escrita. Una reuni\u00f3n de amigos.<\/p>\n<p>Son varios los momentos que recuerdo de aquella noche, o tal vez mi memoria los recuerda as\u00ed. El primero de ellos es un choque casi frontal con Fernando Mar\u00edas: yo despistado por el sal\u00f3n, \u00e9l iba a sentarse. Menos mal que no me di un sopet\u00f3n con \u00e9l, porque sino mal comienzo de noche. Por cierto, qu\u00e9 bien le sienta a la gente el traje y corbata.<\/p>\n<p>Me saluda Mar\u00eda Luisa, alma del certamen, a qui\u00e9n desde aqu\u00ed le doy las gracias por promover este tipo de concursos, a ella y a toda la gente que est\u00e1 detr\u00e1s de la Asociaci\u00f3n Canal-Literatura.<\/p>\n<p>Reconozco entre la gente a los otros finalistas, y as\u00ed entre cuchicheos y comentarios me siento a esperar.<\/p>\n<p>Llega el momento de la entrega de premios. Primero los de Poes\u00eda. Discursos preciosos. Siempre he sentido cierta envidia de los poetas. Despu\u00e9s los premios Ibn Arabi. Vivo muy cerca de la calle que lleva su nombre, y aunque sab\u00eda qui\u00e9n era no conoc\u00eda su importancia. Desde aqu\u00ed decir que ya me he puesto a investigar sobre el autor, y por lo poco que voy sabiendo de \u00e9l sospecho que va a entrar a formar parte de mis lecturas literarias. Llega el Premio del P\u00fablico. Es tiempo de Rock N Roll. Qu\u00e9 grandes personajes y personas.<\/p>\n<p>Por fin el gran momento. La tranquilidad que ten\u00eda hasta ahora se interrumpe para dejar paso a un bulle-bulle en el est\u00f3mago. Al principio creo que es hambre, despu\u00e9s pienso en la paella que me he comido esa misma tarde y me digo que son los traicioneros nervios.<\/p>\n<p>Sinceramente, no me dio tiempo a asimilar el premio. Fue todo tan r\u00e1pido. Mi discurso, a tenor de lo comentado por mi mujer despu\u00e9s, fue cort\u00edsimo y un poco incoherente. As\u00ed que desde aqu\u00ed dar las gracias a la organizaci\u00f3n, al jurado, y felicitar a los dem\u00e1s finalistas, tan merecedores del premio como yo.<\/p>\n<p>Despu\u00e9s todo se vuelve un c\u00famulo de im\u00e1genes. Fernando Mar\u00edas, alto, elegante, unas pocas palabras con \u00e9l que se guardan como un tesoro. Ana Mar\u00eda, con un precioso traje rojo valentino, felicit\u00e1ndome. El fot\u00f3grafo. Un vodka-lim\u00f3n, bastante cargado por cierto y no por culpa m\u00eda, que narcotiza durante unos minutos mis nervios. Un par de ca\u00f1as para rebajar el vodka. Unas cuantas risas. Felicitaciones a los dem\u00e1s finalistas. Besos y apretones de manos.<\/p>\n<p>En definitiva un momento de felicidad que perdurar\u00e1 siempre.<\/p>\n<h2 style=\"text-align: center;\"><em>Segundo\u00a0premio<\/em><\/h2>\n<h2 style=\"text-align: center;\"><strong>Blanca Garc\u00eda Malanda (Madrid)<\/strong><\/h2>\n<p style=\"text-align: center;\"><strong><a href=\"https:\/\/www.canal-literatura.es\/8certamen\/?p=1041\" target=\"_blank\">152- El na\u00fafrago de la memoria. Por Hiedra<\/a><\/strong><\/p>\n<p style=\"text-align: center;\">\u00a0<\/p>\n<p style=\"text-align: center;\"><img loading=\"lazy\" decoding=\"async\" class=\"aligncenter\" title=\"Blanca garc\u00eda Malanda\" src=\"https:\/\/www.canal-literatura.es\/8certamen\/wp-content\/uploads\/2011\/10\/canal-literatura-122.jpg\" alt=\"\" width=\"640\" height=\"426\" \/><\/p>\n<p>\u00a0<\/p>\n<h2 style=\"text-align: center;\"><em>Tercer premio<\/em><\/h2>\n<h2 style=\"text-align: center;\"><strong>Ra\u00fal Galache Garc\u00eda (Madrid)<\/strong><\/h2>\n<p style=\"text-align: center;\"><strong><a href=\"https:\/\/www.canal-literatura.es\/8certamen\/?p=722\" target=\"_blank\">95-Tres colores. Por Gretel <\/a><\/strong><\/p>\n<p style=\"text-align: center;\"><strong><img loading=\"lazy\" decoding=\"async\" class=\"aligncenter\" title=\"Ra\u00fal Galache Garc\u00eda \" src=\"https:\/\/www.canal-literatura.es\/8certamen\/wp-content\/uploads\/2011\/10\/canal-literatura-119.jpg\" alt=\"Ra\u00fal Galache Garc\u00eda \" width=\"640\" height=\"426\" \/><\/strong><\/p>\n","protected":false},"excerpt":{"rendered":"<p>Momentos Ganadores Primer premio Jos\u00e9 Juan Mart\u00ednez Romero (Murcia) 150- La Plantaci\u00f3n. Por Archibaldo \u00a0Cuaderno de Bit\u00e1cora del Capit\u00e1n Archibaldo de Adoque Fecha: 8 de octubre de 2011 Lugar: Hotel NH Amistad (Murcia) El nombre del hotel ya nos da una pista de lo que all\u00ed aconteci\u00f3: una reuni\u00f3n de [&hellip;]<\/p>\n","protected":false},"author":1,"featured_media":0,"parent":0,"menu_order":0,"comment_status":"open","ping_status":"closed","template":"page-with-comments.php","meta":{"footnotes":""},"class_list":["post-1737","page","type-page","status-publish","hentry"],"amp_enabled":false,"_links":{"self":[{"href":"https:\/\/www.canal-literatura.es\/8certamen\/wp-json\/wp\/v2\/pages\/1737","targetHints":{"allow":["GET"]}}],"collection":[{"href":"https:\/\/www.canal-literatura.es\/8certamen\/wp-json\/wp\/v2\/pages"}],"about":[{"href":"https:\/\/www.canal-literatura.es\/8certamen\/wp-json\/wp\/v2\/types\/page"}],"author":[{"embeddable":true,"href":"https:\/\/www.canal-literatura.es\/8certamen\/wp-json\/wp\/v2\/users\/1"}],"replies":[{"embeddable":true,"href":"https:\/\/www.canal-literatura.es\/8certamen\/wp-json\/wp\/v2\/comments?post=1737"}],"version-history":[{"count":6,"href":"https:\/\/www.canal-literatura.es\/8certamen\/wp-json\/wp\/v2\/pages\/1737\/revisions"}],"predecessor-version":[{"id":1759,"href":"https:\/\/www.canal-literatura.es\/8certamen\/wp-json\/wp\/v2\/pages\/1737\/revisions\/1759"}],"wp:attachment":[{"href":"https:\/\/www.canal-literatura.es\/8certamen\/wp-json\/wp\/v2\/media?parent=1737"}],"curies":[{"name":"wp","href":"https:\/\/api.w.org\/{rel}","templated":true}]}}