{"id":1359,"date":"2011-10-11T12:25:21","date_gmt":"2011-10-11T10:25:21","guid":{"rendered":"https:\/\/www.canal-literatura.es\/Apoesia6\/?page_id=1359"},"modified":"2016-09-07T19:43:08","modified_gmt":"2016-09-07T20:43:08","slug":"ganadores","status":"publish","type":"page","link":"https:\/\/www.canal-literatura.es\/Apoesia6\/ganadores\/","title":{"rendered":"Ganadores"},"content":{"rendered":"<p><center><strong>Beatriz Lorenzo L\u00f3pez (Madrid- Espa\u00f1a) <\/strong><br \/>\n<a title=\"Enlace permanente a 165- Identificaci\u00f3n. Por Tausk\" href=\"https:\/\/www.canal-literatura.es\/Apoesia6\/?p=749\" rel=\"bookmark\">165- Identificaci\u00f3n. Por Tausk<\/a><\/center><\/p>\n<div style=\"width: 310px\" class=\"wp-caption aligncenter\"><img decoding=\"async\" loading=\"lazy\" title=\"Beatriz Lorenzo L\u00f3pez (Madrid- Espa\u00f1a)\" src=\"https:\/\/www.canal-literatura.es\/Apoesia6\/finalistas\/beatrizLorenzoLopez.jpg\" alt=\"Beatriz Lorenzo L\u00f3pez (Madrid- Espa\u00f1a)\" width=\"300\" height=\"300\" \/><p class=\"wp-caption-text\">Beatriz Lorenzo L\u00f3pez (Madrid- Espa\u00f1a)<\/p><\/div>\n<div style=\"width: 310px\" class=\"wp-caption aligncenter\"><img decoding=\"async\" loading=\"lazy\" src=\"https:\/\/www.canal-literatura.es\/8certamen\/wp-content\/uploads\/2011\/10\/canal-literatura-93-300x199.jpg\" alt=\"\" width=\"300\" height=\"199\" \/><p class=\"wp-caption-text\">Recogi\u00f3 el premio Trini Fuentes<\/p><\/div>\n<p style=\"text-align: justify;\">Quisiera agradecer al Canal literatura y al jurado la organizaci\u00f3n de un certamen donde la poes\u00eda ha tenido un lugar preeminente y destacado. Muchas gracias<\/p>\n<p><center><span style=\"color: #008000;\"><strong>Momento Ganador<\/strong>.<\/span><\/center><\/p>\n<p style=\"text-align: justify;\">Tengo que confesar que ha sido una gran sorpresa para m\u00ed, tanto el haber quedado finalista en su d\u00eda como el haber conseguido el primer premio en el Certamen Poemas Sin Rostro. Con respecto al modo en que viv\u00ed mi \u201cmomento ganador\u201d; lo hice desde la distancia con mucha alegr\u00eda y emoci\u00f3n y tambi\u00e9n con algo de tristeza debido a las circunstancias laborales que me imposibilitaron estar esa noche en Murcia recogiendo el premio.<\/p>\n<p style=\"text-align: justify;\">Sin embargo no quiero dejar pasar la oportunidad de agradecer al Canal Literatura y a la persona que me represent\u00f3 en la recepci\u00f3n del premio. Creo que el Proyecto Canal Literatura es una de las mejores iniciativas para fomentar la creaci\u00f3n literaria y la relaci\u00f3n entre escritores, debido a su car\u00e1cter interactivo.<\/p>\n<p>Muchas gracias<\/p>\n<p>Beatriz Lorenzo<br \/>\nMadrid.<\/p>\n<p style=\"text-align: center;\"><strong>Marcelo Galliano (Buenos Aires &#8211; Argentina)<\/strong><br \/>\n<a title=\"Enlace permanente a 2- Tu presencia. Por Erato\" href=\"https:\/\/www.canal-literatura.es\/Apoesia6\/?p=86\" rel=\"bookmark\">2- Tu presencia. Por Erato<\/a><\/p>\n<div style=\"width: 310px\" class=\"wp-caption aligncenter\"><img decoding=\"async\" loading=\"lazy\" title=\"Marcelo Galliano (Buenos Aires - Argentina)\" src=\"https:\/\/www.canal-literatura.es\/Apoesia6\/marcelogalliano2premio.jpg\" alt=\"Marcelo Galliano (Buenos Aires - Argentina)\" width=\"300\" height=\"316\" \/><p class=\"wp-caption-text\">Marcelo Galliano (Buenos Aires &#8211; Argentina)<\/p><\/div>\n<p>&#8212;<\/p>\n<div class=\"mceTemp mceIEcenter\" style=\"text-align: center;\">\n<div style=\"width: 310px\" class=\"wp-caption aligncenter\"><img decoding=\"async\" loading=\"lazy\" src=\"https:\/\/www.canal-literatura.es\/8certamen\/wp-content\/uploads\/2011\/10\/canal-literatura-91-300x199.jpg\" alt=\"\" width=\"300\" height=\"199\" \/><p class=\"wp-caption-text\">Recogi\u00f3 el premio Juan S\u00e1ez<\/p><\/div>\n<\/div>\n<p style=\"text-align: justify;\">Borges dec\u00eda que la lluvia es algo que siempre sucede en el pasado. Creo que con los premios ocurre algo similar: uno no puede recibir un galard\u00f3n sin remitirse al ayer, a esa edad de la inocencia que es la patria de todo hombre, o a las primeras nociones de su idioma que es la patria de todo escritor. Por eso, a la igual que la lluvia, todo premio es una felicidad triste, un presente nost\u00e1lgico, una novedad a\u00f1orada.<br \/>\nHoy querr\u00eda ser Kipling, con su flema brit\u00e1nica y su equilibrio hind\u00fa, y poder abordar este triunfo con la indiferencia que \u00e9l aconsejaba ante el \u00e9xito y el fracaso, considerando a ambos como impostores de la misma cala\u00f1a. Pero no puedo, me invade una amarga dicha, un apesadumbrado optimismo. Un premio m\u00e1s es un premio menos, porque tambi\u00e9n un poema m\u00e1s es un poema menos, s\u00ed, uno menos en la lista que el destino nos ha signado escribir. Tal vez al final de nuestra vida se halle el poema perfecto; tan perfecto que acaso ni siquiera nos necesite para ser escrito.<br \/>\nGracias al jurado y a la Asociaci\u00f3n Canal Literatura, por la exagerada amabilidad de haberme galardonado.<\/p>\n<p style=\"text-align: center;\"><strong>Reynaldo Aquiles Duret Sotomayor (la Habana \u2013 Cuba)<\/strong><br \/>\n<a title=\"Enlace permanente a 79- El orgasmo de la monja. Por X sobre Y\" href=\"https:\/\/www.canal-literatura.es\/Apoesia6\/?p=411\" rel=\"bookmark\">79- El orgasmo de la monja. Por X sobre Y<\/a><\/p>\n<div style=\"width: 310px\" class=\"wp-caption aligncenter\"><img decoding=\"async\" loading=\"lazy\" title=\"Reynaldo Aquiles Duret Sotomayor (La Habana \u2013Cuba)\" src=\"https:\/\/www.canal-literatura.es\/Apoesia6\/ReynaldoAquiles3premio.jpg\" alt=\"Reynaldo Aquiles Duret Sotomayor (la Habana \u2013Cuba)\" width=\"300\" height=\"200\" \/><p class=\"wp-caption-text\">Reynaldo Aquiles Duret Sotomayor (la Habana \u2013Cuba)<\/p><\/div>\n<div style=\"width: 307px\" class=\"wp-caption aligncenter\"><img decoding=\"async\" loading=\"lazy\" src=\"https:\/\/www.canal-literatura.es\/8certamen\/wp-content\/uploads\/2011\/10\/canal-literatura-89-300x199.jpg\" alt=\"\" width=\"297\" height=\"388\" \/><p class=\"wp-caption-text\">Recogi\u00f3 el premio Ram\u00f3n Alcaraz<\/p><\/div>\n<p>Amigos del Canal Literatura, poetas todos:<\/p>\n<p style=\"text-align: justify;\">Una vez m\u00e1s estoy con ustedes sin estarlo. La magia de la que estamos construidos los poetas me permite imaginar cuanta maravillosa gente est\u00e1 reunida hoy para premiar lo que sale del esp\u00edritu de cada uno de los que sentimos esa necesidad de idealizar el mundo a trav\u00e9s del verso.<br \/>\nAgradezco infinitamente la oportunidad que me otorg\u00f3 el Canal Literatura de estar en contacto con otros poetas del mundo, a trav\u00e9s de este concurso que cada vez gana m\u00e1s en prestigio y seguidores. Agradezco todas las cr\u00edticas a mi poema finalista, y esto me conmueve a seguir expandiendo a trav\u00e9s de mi poes\u00eda los l\u00edmites del universo.<br \/>\nLos poetas constituimos una gran familia universal, a pesar de las distancias y los idiomas, porque pese a todas las gravedades que atraviesa el mundo, nuestra misi\u00f3n es hacer que el amor despliegue, mediante la bandera de la poes\u00eda, sus atributos m\u00e1s insospechados, aquellos que unen naciones y hombres, y cultivan el arte de vivir en paz<br \/>\nNos unen muchas cosas en com\u00fan. Nuestra lengua materna es espa\u00f1ola. Espa\u00f1a puso en Cuba una gran parte de la cultura que hoy conjugamos. En nuestras escuelas se estudia a G\u00f3ngora, a Quevedo, a Lorca, y a tantos otros autores espa\u00f1oles que son ra\u00edces del fundamento po\u00e9tico actual. Pueden cambiar las t\u00e9cnicas y formas de decir el verso, pero la esencia del poeta, su deseo de testificar el equilibrio entre la voluntad y el conocimiento, ser\u00e1 siempre infinito, y puesto a favor de las causas m\u00e1s justas.<br \/>\nEs por eso que a pesar de la distancia entre Cuba y Espa\u00f1a, y la raz\u00f3n que me impide estar hoy entre ustedes, siento que estoy aqu\u00ed.<br \/>\nReitero mis agradecimientos y les prometo mantenerme en contacto.<br \/>\nSiempre suyo, y del verso,<br \/>\nDr. Reynaldo Aquiles Duret Sotomayor<\/p>\n<p><center><span style=\"color: #008000;\"><strong>Momento Ganador<\/strong>.<\/span><\/center><a href=\"https:\/\/verbiclara.wordpress.com\/2011\/11\/30\/gana-el-escritor-cubano-reynaldo-duret-premio-de-poesia-en-espana\/\" target=\"_blank\"><img decoding=\"async\" loading=\"lazy\" class=\"alignleft\" title=\"Repercusi\u00f3n del Premio de Reynaldo Aquiles\" src=\"https:\/\/www.canal-literatura.es\/Apoesia6\/finalistas\/Reynaldo-comentado.jpg\" alt=\"Repercusi\u00f3n del Premio de Reynaldo Aquiles\" width=\"200\" height=\"214\" \/><\/a><\/p>\n<p style=\"text-align: justify;\">Me enter\u00e9 lo del premio a trav\u00e9s de su correo de ayer, pues debe conocer que la mayor\u00eda de los cubanos no tenemos Internet, por causas que es mejor no explicarle. Le envi\u00e9 a mi sobrino, que vive en Estados Unidos, la petici\u00f3n de que me copie la premiaci\u00f3n del sitio Web y me la env\u00ede, nosotros participamos en los concursos de Espa\u00f1a gracias a los familiares que tenemos fuera del pa\u00eds o alg\u00fan amigo que tenga Internet, que son los menos.<br \/>\nGracias a que me hab\u00eda tomado las tabletas de las 2 p.m del coraz\u00f3n no me infart\u00e9 de la emoci\u00f3n (tremenda rima consonante), pues la sorpresa result\u00f3 inmensamente agradable, es m\u00e1s, brinqu\u00e9 de alegr\u00eda. S\u00e9 que es un concurso muy codiciado y que participaron infinidad de escritores del planeta. Cuando me llegue el trofeo y diploma lo mostrar\u00e9 con orgullo en la Tertulia literaria y de canciones que conduzco los segundos s\u00e1bados de cada mes.<\/p>\n","protected":false},"excerpt":{"rendered":"<p>Beatriz Lorenzo L\u00f3pez (Madrid- Espa\u00f1a) 165- Identificaci\u00f3n. Por Tausk Quisiera agradecer al Canal literatura y al jurado la organizaci\u00f3n de un certamen donde la poes\u00eda ha tenido un lugar preeminente y destacado. Muchas gracias Momento Ganador. Tengo que confesar que ha sido una gran sorpresa para m\u00ed, tanto el haber\u2026<\/p>\n<p> <a class=\"continue-reading-link\" href=\"https:\/\/www.canal-literatura.es\/Apoesia6\/ganadores\/\"><span>Leer m\u00e1s<\/span><i class=\"crycon-right-dir\"><\/i><\/a> <\/p>\n","protected":false},"author":1,"featured_media":0,"parent":0,"menu_order":6,"comment_status":"open","ping_status":"open","template":"","meta":[],"amp_enabled":true,"_links":{"self":[{"href":"https:\/\/www.canal-literatura.es\/Apoesia6\/wp-json\/wp\/v2\/pages\/1359"}],"collection":[{"href":"https:\/\/www.canal-literatura.es\/Apoesia6\/wp-json\/wp\/v2\/pages"}],"about":[{"href":"https:\/\/www.canal-literatura.es\/Apoesia6\/wp-json\/wp\/v2\/types\/page"}],"author":[{"embeddable":true,"href":"https:\/\/www.canal-literatura.es\/Apoesia6\/wp-json\/wp\/v2\/users\/1"}],"replies":[{"embeddable":true,"href":"https:\/\/www.canal-literatura.es\/Apoesia6\/wp-json\/wp\/v2\/comments?post=1359"}],"version-history":[{"count":2,"href":"https:\/\/www.canal-literatura.es\/Apoesia6\/wp-json\/wp\/v2\/pages\/1359\/revisions"}],"predecessor-version":[{"id":1412,"href":"https:\/\/www.canal-literatura.es\/Apoesia6\/wp-json\/wp\/v2\/pages\/1359\/revisions\/1412"}],"wp:attachment":[{"href":"https:\/\/www.canal-literatura.es\/Apoesia6\/wp-json\/wp\/v2\/media?parent=1359"}],"curies":[{"name":"wp","href":"https:\/\/api.w.org\/{rel}","templated":true}]}}