{"id":4,"date":"2010-10-14T11:31:44","date_gmt":"2010-10-14T09:31:44","guid":{"rendered":"https:\/\/www.canal-literatura.es\/Apoesia6\/?page_id=4"},"modified":"2010-11-20T13:28:06","modified_gmt":"2010-11-20T12:28:06","slug":"bases","status":"publish","type":"page","link":"https:\/\/www.canal-literatura.es\/Apoesia6\/bases\/","title":{"rendered":"Bases"},"content":{"rendered":"<h1 style=\"text-align: center;\"><span style=\"color: #ca6d34;\">Bases del certamen\u00a0<\/span><\/h1>\n<p><strong>1<\/strong>. Podr\u00e1 participar en este certamen cualquier autor mayor de edad que lo desee, con una sola obra, escrita en espa\u00f1ol.<\/p>\n<p><strong>2<\/strong>. El tema es libre.<\/p>\n<p><strong>3<\/strong>. Los trabajos presentados deber\u00e1n ser originales e in\u00e9ditos (incluido Internet) y no premiados ni pendientes de fallos en otros concursos. Cualquier comprobaci\u00f3n en este sentido ser\u00e1 motivo de descalificaci\u00f3n autom\u00e1tica.<\/p>\n<p><strong>4<\/strong>. La extensi\u00f3n de los poemas tendr\u00e1 un l\u00edmite entre <strong>10 versos m\u00ednimo y 60 m\u00e1ximo. <\/strong><\/p>\n<p><strong>5<\/strong>. Las obras deber\u00e1n ser remitidas en soporte inform\u00e1tico . En un correo electr\u00f3nico que<strong> incluir\u00e1 los siguientes documentos adjuntos\u00a0<\/strong>\u00a0debidamente cumplimentados con una <strong>imagen del documento de identidad acreditativo<\/strong>, a la direcci\u00f3n: <a href=\"mailto:certamen@canal-literatura.com\">certamen@canal-literatura.com<\/a><\/p>\n<p>Puedes descargarlos pinchando en los tres enlaces siguientes:<\/p>\n<p>a)- <strong><a href=\"https:\/\/www.canal-literatura.es\/Apoesia6\/documentos\/formulario_plica_Poemas2010.doc\" target=\"_blank\">Formulario Datos del Autor-PLICA<\/a><\/strong><\/p>\n<p>b)- <a href=\"https:\/\/www.canal-literatura.es\/Apoesia6\/documentos\/declaracion_Poemas2010.doc\" target=\"_blank\"><strong>Declaraci\u00f3n del autor<\/strong><\/a><\/p>\n<p>c)- <strong><a href=\"https:\/\/www.canal-literatura.es\/Apoesia6\/documentos\/Poema_concursante2010.doc\" target=\"_blank\">Versos del poema incluyendo t\u00edtulo y seud\u00f3nimo.<\/a><\/strong><\/p>\n<p><strong>6<\/strong>. El plazo de recepci\u00f3n de originales finalizar\u00e1 el\u00a0<strong>10 de enero de 2011<\/strong><\/p>\n<p><strong>7<\/strong>. Se otorgar\u00e1n tres premios que consistir\u00e1n (de momento) en:<\/p>\n<p>\u2022 Primer premio: <strong>200 euros, trofeo <\/strong><\/p>\n<p>\u2022 Segundo premio: <strong>100 euros, trofeo <\/strong><\/p>\n<p>\u2022 Tercer premio: <strong>50 euros, trofeo <\/strong><\/p>\n<p style=\"text-align: center;\"><img decoding=\"async\" loading=\"lazy\" class=\"aligncenter\" title=\"Trofeo\" src=\"https:\/\/www.canal-literatura.es\/Apoesia4\/Trofeo\/Trofeos-cristalop.jpg\" alt=\"Trofeo\" width=\"300\" height=\"183\" \/><\/p>\n<p>\u00a0\u2022 <strong>Premio especial del publico:<\/strong> <strong>Trofeo<\/strong> y la dotaci\u00f3n de este premio que ser\u00e1 la aportaci\u00f3n de los usuarios del Canal Literatura, durante la celebraci\u00f3n del certamen.<\/p>\n<p>Todos los poemas finalistas y ganadores pasar\u00e1n a formar parte de la secci\u00f3n en la Web: <strong>\u201cPoemas sin Rostro\u201d en texto y audio.<\/strong><\/p>\n<p><strong>8<\/strong>. La propiedad de las obras ser\u00e1 de los autores aunque la Asociaci\u00f3n Canal literatura se reserva el derecho de <strong>la primera publicaci\u00f3n de todas las obras en su Web durante y despu\u00e9s del certamen indefinidamente <\/strong>y la primera publicaci\u00f3n impresa de ganadores y finalistas en el segundo volumen de \u201cPoemas en el Canal\u201d en caso de decidirse su publicaci\u00f3n y contar con los medios econ\u00f3micos que la posibiliten.<\/p>\n<p><strong>9<\/strong>. Los premios de este certamen no podr\u00e1n declararse desiertos.<\/p>\n<p><strong>10<\/strong>. El fallo del Jurado, que resolver\u00e1 a su criterio las dudas que pueda plantear la interpretaci\u00f3n de estas Bases o cualquier incidencia que pueda surgir durante el desarrollo del certamen, ser\u00e1 inapelable y se har\u00e1 p\u00fablico en la web del canal literatura.<\/p>\n<p><strong>11<\/strong>. Si alg\u00fan participante utilizara un seud\u00f3nimo que pudiera ser reconocido o crear alg\u00fan tipo de confusi\u00f3n con los nick (alias) usados habitualmente en el canal literatura, ser\u00e1 informado v\u00eda correo electr\u00f3nico de esta circunstancia, para que proceda al cambio del mismo. En \u00faltimo caso, se le asignar\u00eda un seud\u00f3nimo alfanum\u00e9rico aleatorio que garantizara su total anonimato para todos los \u00e1mbitos del certamen.<\/p>\n<p><strong>12.<\/strong> De igual forma se advierte a los concursantes <strong>que no deben compartir sus relatos en las redes sociales hasta la publicaci\u00f3n de los\u00a010 finalistas<\/strong>\u00a0(Tuenti, Facebook, Twiter, etc&#8230;)\u00a0si esto conlleva desvelar la autor\u00eda y la identidad real del autor que participa.<\/p>\n<p><strong>La participaci\u00f3n en el concurso implica la \u00edntegra aceptaci\u00f3n de las presentes Bases.<\/strong><\/p>\n<p><strong>\u00a0<\/strong>Recomendamos acceder a la web especial del premio para estar informado correctamente y <strong>descargar los formularios originales<\/strong> para poder participar \u00a0en:<strong>\u00a0 <\/strong><a href=\"https:\/\/www.canal-literatura.es\/Apoesia6\"><strong><\/strong><\/a><a href=\"https:\/\/www.canal-literatura.es\/Apoesia6\">https:\/\/www.canal-literatura.es\/Apoesia6<\/a><\/p>\n<p><strong>13<\/strong>. Los\u00a0poemas que no figuren es esta web trascurrido\u00a0el \u00a0plazo de una semana desde su env\u00edo, es que no han sido admitidos a concurso.<\/p>\n<p><strong>14<\/strong>. La votaci\u00f3n del p\u00fablico se har\u00e1, una vez finalizado el plazo de presentaci\u00f3n en esta web \u00a0y por el sistema de estrellas que aparecer\u00e1n debajo de cada poema. El proceso y las normas \u00a0de votaci\u00f3n se anunciar\u00e1\u00a0 una vez finalizado el plazo de entrega de originales.<\/p>\n<p>\u2022\u00a0Queremos resaltar\u00a0desde ahora que todas las votaciones efectuadas consideradas fraudulentas ser\u00e1n borradas.Todas las votaciones duplicadas que se compruebe que proceden de una misma IP ser\u00e1n borradas. Advertimos como cada a\u00f1o que <strong>no se dar\u00e1 ninguna explicaci\u00f3n sobre estas decisiones t\u00e9cnicas.<\/strong><\/p>\n<p>\u2022 Las aportaciones de los usuarios\u00a0 y concursantes a estos premios pueden hacerse por transferencia a la cuenta de la Asociaci\u00f3n Canal Literatura indicando:<\/p>\n<blockquote><p>Aportaci\u00f3n Premio del Publico, indicando el nombre o NIck.<\/p>\n<p><strong>N\u00ba de cuenta 2043 0143 46 0200004600 <\/strong><\/p>\n<p>Pod\u00e9is ver las aportaciones en el apartado siguiente:<br \/>\n<strong>Aportaciones al Premio Especial del Publico<\/strong><\/p><\/blockquote>\n","protected":false},"excerpt":{"rendered":"<p>Bases del certamen\u00a0 1. Podr\u00e1 participar en este certamen cualquier autor mayor de edad que lo desee, con una sola obra, escrita en espa\u00f1ol. 2. El tema es libre. 3. Los trabajos presentados deber\u00e1n ser originales e in\u00e9ditos (incluido Internet) y no premiados ni pendientes de fallos en otros concursos.\u2026<\/p>\n<p> <a class=\"continue-reading-link\" href=\"https:\/\/www.canal-literatura.es\/Apoesia6\/bases\/\"><span>Leer m\u00e1s<\/span><i class=\"crycon-right-dir\"><\/i><\/a> <\/p>\n","protected":false},"author":1,"featured_media":0,"parent":0,"menu_order":1,"comment_status":"open","ping_status":"open","template":"","meta":[],"amp_enabled":true,"_links":{"self":[{"href":"https:\/\/www.canal-literatura.es\/Apoesia6\/wp-json\/wp\/v2\/pages\/4"}],"collection":[{"href":"https:\/\/www.canal-literatura.es\/Apoesia6\/wp-json\/wp\/v2\/pages"}],"about":[{"href":"https:\/\/www.canal-literatura.es\/Apoesia6\/wp-json\/wp\/v2\/types\/page"}],"author":[{"embeddable":true,"href":"https:\/\/www.canal-literatura.es\/Apoesia6\/wp-json\/wp\/v2\/users\/1"}],"replies":[{"embeddable":true,"href":"https:\/\/www.canal-literatura.es\/Apoesia6\/wp-json\/wp\/v2\/comments?post=4"}],"version-history":[{"count":1,"href":"https:\/\/www.canal-literatura.es\/Apoesia6\/wp-json\/wp\/v2\/pages\/4\/revisions"}],"predecessor-version":[{"id":1381,"href":"https:\/\/www.canal-literatura.es\/Apoesia6\/wp-json\/wp\/v2\/pages\/4\/revisions\/1381"}],"wp:attachment":[{"href":"https:\/\/www.canal-literatura.es\/Apoesia6\/wp-json\/wp\/v2\/media?parent=4"}],"curies":[{"name":"wp","href":"https:\/\/api.w.org\/{rel}","templated":true}]}}