{"id":8,"date":"2010-10-14T11:33:44","date_gmt":"2010-10-14T10:33:44","guid":{"rendered":"https:\/\/www.canal-literatura.es\/Apoesia6\/?page_id=8"},"modified":"2016-09-07T19:40:52","modified_gmt":"2016-09-07T20:40:52","slug":"premio-del-publico","status":"publish","type":"page","link":"https:\/\/www.canal-literatura.es\/Apoesia6\/premio-del-publico\/","title":{"rendered":"Ganador Premio del P\u00fablico"},"content":{"rendered":"<h1 style=\"text-align: center;\"><span style=\"color: #008000;\">Ganador del premio Especial del P\u00fablico<\/span><\/h1>\n<p style=\"text-align: center;\"><strong>Ignacio Fajardo Portera (Zaragoza &#8211; Espa\u00f1a)<\/strong><br \/>\n<a title=\"Enlace permanente a 47- Amnios. Por Perinola\" href=\"https:\/\/www.canal-literatura.es\/Apoesia6\/?p=287\" rel=\"bookmark\">47- Amnios. Por Perinola<\/a><\/p>\n<div style=\"width: 214px\" class=\"wp-caption aligncenter\"><img decoding=\"async\" loading=\"lazy\" title=\"Ignacio Fajardo Portera (Zaragoza - Espa\u00f1a)\" src=\"https:\/\/www.canal-literatura.es\/Apoesia4\/Finalistas\/IGNACIOFajardo.jpg\" alt=\"Ignacio Fajardo Portera (Zaragoza - Espa\u00f1a)\" width=\"204\" height=\"241\" \/><p class=\"wp-caption-text\"><\/strong> Ignacio Fajardo Portera (Zaragoza &#8211; Espa\u00f1a)<\/p><\/div>\n<p style=\"text-align: left;\">No sin cierto sonrojo por mi parte se me otorga el Premio Especial del P\u00fablico por tercera vez consecutiva aunque, como a nadie le amarga un dulce, estoy encantado. Para mi descargo os puedo asegurar que en esta ocasi\u00f3n no s\u00f3lo no he movido un dedo para \u201cpromover\u201d el poema, sino que he procurado pasar desapercibido (y me ha costado lo m\u00edo morderme los dedos y no entrar a saco a comentar) para dar opci\u00f3n a que ganaran este premio otros concursantes. Incluso, dos d\u00edas antes de finalizar el certamen, hab\u00eda otros poemas con m\u00e1s votos\u2026 pero al final hubo quienes decidieron votar por mi poema y no puedo hacer otra cosa que agradecerlo, sobre todo porque me brindan la oportunidad de regresar a Murcia para recoger el premio y, sobre todo, saludar a los que ya considero amigos .<br \/>\nEn cuanto a mis datos personales\u2026 pues nada nuevo (bueno, que soy un a\u00f1o m\u00e1s viejo): Nac\u00ed en Madrid en 1961 donde resid\u00ed hasta los 22 a\u00f1os. Luego me traslad\u00e9 a Zaragoza y tras diversas peripecias laborales \u2026bla, bla, bla\u2026 etc.. etc.. etc.. (pod\u00e9is verlo en la relaci\u00f3n de los anteriores cert\u00e1menes)<\/p>\n<p style=\"text-align: left;\">En la parte literaria tan s\u00f3lo a\u00f1adir que he vuelto a resultar premiado (en esta ocasi\u00f3n con el 2\u00ba) en el XXVII Certamen de Relato Breve organizado por la Asociaci\u00f3n de Mujeres del Picarral (Zaragoza) y que estoy muy contento, pues ya sab\u00e9is que s\u00f3lo me presento a estos dos concursos, as\u00ed que dos de dos es muy buen balance. Y, ahora, un poquito de autopromoci\u00f3n: Si alguien quiere seguir m\u00e1s de cerca mi trayectoria po\u00e9tica puede hacerlo en el blog \u201cCoderas para los d\u00edas gastados\u201d (aqu\u00ed el enlace https:\/\/coderas.blogspot.com\/). Ser\u00e9is bien recibidos.<\/p>\n<p style=\"text-align: left;\">Un saludo cordial.<\/p>\n<p style=\"text-align: center;\">*****************************************<\/p>\n<h1 style=\"text-align: center;\"><span style=\"color: #008000;\">M\u00e1s Informaci\u00f3n<\/span><\/h1>\n<p style=\"text-align: center;\">Es importante que revise todas las p\u00e1ginas disponibles en esta web, ya que contienen toda la informaci\u00f3n necesaria para participar, sobre todo las <strong>Bases<\/strong>, la informaci\u00f3n del jurado y patrocinadores, as\u00ed como las fechas de convocatoria y plazos.<\/p>\n<p>Todos los poemas y noticias pueden recibir comentarios de los lectores o participantes, estos <strong>ser\u00e1n moderados<\/strong> por el administrador, pero pedimos de antemano que sean respetuosos con las obras presentadas, que intenten ce\u00f1irse al texto (no al autor) y, tanto si los comentarios son favorables como si no, se mantengan en una l\u00ednea de correcci\u00f3n que permita un di\u00e1logo fluido y enriquecedor.<\/p>\n<p>Una vez finalizado el plazo de presentaci\u00f3n de los poemas, el\u00a0\u00a0&#8212;\u00a0de\u00a0enero del 2011, se podr\u00e1n votar para elegir el poema ganador del <strong>PREMIO DEL P\u00daBLICO<\/strong> a trav\u00e9s de\u00a0diez estrellas que aparecer\u00e1n debajo de cada poema.<\/p>\n<p>El proceso y las normas \u00a0de votaci\u00f3n se anunciar\u00e1\u00a0 una vez finalizado el plazo de entrega de originales. Este premio del p\u00fablico, no tiene nada que ver con los tres ganadores del certamen que ser\u00e1n elegidos por un jurado cualificado.<\/p>\n<p>Tambi\u00e9n pedimos a los votantes respeto en las votaciones, s\u00f3lo se puede votar a cada poema una vez, tal como permite el sistema. Nuestros t\u00e9cnicos tienen suficiente experiencia para detectar votaciones fraudulentas en muchos aspectos y <strong>no se dar\u00e1 ninguna explicaci\u00f3n a este respecto cuando haya que descalificar alg\u00fan poema. Los poemas descalificados\u00a0 dejar\u00e1n de tener visibles las estrellas para poder votar.<\/strong><\/p>\n<p>Gracias por visitarnos y participar. Esperamos que sea una grata experiencia para todos.<\/p>\n","protected":false},"excerpt":{"rendered":"<p>Ganador del premio Especial del P\u00fablico Ignacio Fajardo Portera (Zaragoza &#8211; Espa\u00f1a) 47- Amnios. Por Perinola No sin cierto sonrojo por mi parte se me otorga el Premio Especial del P\u00fablico por tercera vez consecutiva aunque, como a nadie le amarga un dulce, estoy encantado. Para mi descargo os puedo\u2026<\/p>\n<p> <a class=\"continue-reading-link\" href=\"https:\/\/www.canal-literatura.es\/Apoesia6\/premio-del-publico\/\"><span>Leer m\u00e1s<\/span><i class=\"crycon-right-dir\"><\/i><\/a> <\/p>\n","protected":false},"author":1,"featured_media":0,"parent":0,"menu_order":3,"comment_status":"closed","ping_status":"closed","template":"","meta":[],"amp_enabled":true,"_links":{"self":[{"href":"https:\/\/www.canal-literatura.es\/Apoesia6\/wp-json\/wp\/v2\/pages\/8"}],"collection":[{"href":"https:\/\/www.canal-literatura.es\/Apoesia6\/wp-json\/wp\/v2\/pages"}],"about":[{"href":"https:\/\/www.canal-literatura.es\/Apoesia6\/wp-json\/wp\/v2\/types\/page"}],"author":[{"embeddable":true,"href":"https:\/\/www.canal-literatura.es\/Apoesia6\/wp-json\/wp\/v2\/users\/1"}],"replies":[{"embeddable":true,"href":"https:\/\/www.canal-literatura.es\/Apoesia6\/wp-json\/wp\/v2\/comments?post=8"}],"version-history":[{"count":3,"href":"https:\/\/www.canal-literatura.es\/Apoesia6\/wp-json\/wp\/v2\/pages\/8\/revisions"}],"predecessor-version":[{"id":1411,"href":"https:\/\/www.canal-literatura.es\/Apoesia6\/wp-json\/wp\/v2\/pages\/8\/revisions\/1411"}],"wp:attachment":[{"href":"https:\/\/www.canal-literatura.es\/Apoesia6\/wp-json\/wp\/v2\/media?parent=8"}],"curies":[{"name":"wp","href":"https:\/\/api.w.org\/{rel}","templated":true}]}}