{"id":16,"date":"2012-03-15T12:34:08","date_gmt":"2012-03-15T10:34:08","guid":{"rendered":"https:\/\/www.canal-literatura.es\/Apoesia7\/?page_id=16"},"modified":"2012-06-09T13:36:53","modified_gmt":"2012-06-09T11:36:53","slug":"jurado","status":"publish","type":"page","link":"https:\/\/www.canal-literatura.es\/Apoesia7\/jurado\/","title":{"rendered":"Jurado"},"content":{"rendered":"<p style=\"text-align: center;\"><strong>Jurado del VII Certamen \u00abPoemas sin Rostro\u00bb 2012<\/strong><\/p>\n<p style=\"text-align: center;\"><strong><a href=\"https:\/\/www.canal-literatura.es\/Apoesia7\/?page_id=432\" target=\"_blank\"><img decoding=\"async\" loading=\"lazy\" class=\"aligncenter  wp-image-53\" title=\"Mari Cruz Ag\u00fcera\" src=\"https:\/\/www.canal-literatura.es\/Apoesia7\/images\/Mari-Cruz-Aguera.jpg\" alt=\"Mari Cruz Ag\u00fcera\" width=\"300\" height=\"325\" \/><\/a>Mari Cruz Ag\u00fcera<\/strong><\/p>\n<p style=\"text-align: justify;\">\u00a0Mari Cruz Ag\u00fcera naci\u00f3 en Puerto de Mazarr\u00f3n (Murcia) en 1967, poeta vocacional y autodidacta, ha sido dos veces ganadora del primer premio de poes\u00eda Universidad Popular de Mazarr\u00f3n (1994 y 2004), ha recibido el Premio al mejor soneto en el certamen provincial &#8216;Cuadernos Culturales Monroy&#8217; (Cartagena 2005) y el Premio al mejor poeta en el mismo certamen (2006).<\/p>\n<p style=\"text-align: justify;\">Por otro lado, recibi\u00f3 el premio Mar\u00eda del Villar (2006) por su libro &#8216;El hilo fr\u00e1gil&#8217;, el premio &#8216;Juan Cervera&#8217; (2007), primer premio en el certamen &#8216;Plumier de versos&#8217; (2007) de la Editorial Nu\u00f1o con el poemario &#8216;Traves\u00eda de n\u00e1ufrago&#8217;, o el <strong>2\u00ba Premio en el certamen &#8216;Poemas sin Rostro&#8217; del Canal Literatura (2007).<\/strong><\/p>\n<p style=\"text-align: justify;\">Asimismo, ha participado en diversas antolog\u00edas y ha colaborado como cronista de actualidad en peri\u00f3dicos de \u00e1mbito local. Ha publicado &#8216;Cardiopat\u00edas de amor&#8217; (2005), &#8216;El hilo fr\u00e1gil&#8217; (2007), &#8216;Traves\u00eda de naufrago&#8217; (2007) y &#8216;Palabras para tirar del puente&#8217; (2010).<\/p>\n<p style=\"text-align: justify;\">\u00a0<a href=\"https:\/\/www.canal-literatura.es\/Apoesia7\/?page_id=213\" target=\"_blank\"><img decoding=\"async\" loading=\"lazy\" class=\"aligncenter size-full wp-image-54\" title=\"Sebastian Mondejar\" src=\"https:\/\/www.canal-literatura.es\/Apoesia7\/wp\/wp-content\/uploads\/2012\/03\/sebastian-Mondejar-.jpg\" alt=\"Sebastian Mondejar\" width=\"227\" height=\"221\" srcset=\"https:\/\/www.canal-literatura.es\/Apoesia7\/wp\/wp-content\/uploads\/2012\/03\/sebastian-Mondejar-.jpg 227w, https:\/\/www.canal-literatura.es\/Apoesia7\/wp\/wp-content\/uploads\/2012\/03\/sebastian-Mondejar--148x144.jpg 148w, https:\/\/www.canal-literatura.es\/Apoesia7\/wp\/wp-content\/uploads\/2012\/03\/sebastian-Mondejar--31x31.jpg 31w, https:\/\/www.canal-literatura.es\/Apoesia7\/wp\/wp-content\/uploads\/2012\/03\/sebastian-Mondejar--38x38.jpg 38w, https:\/\/www.canal-literatura.es\/Apoesia7\/wp\/wp-content\/uploads\/2012\/03\/sebastian-Mondejar--221x215.jpg 221w\" sizes=\"(max-width: 227px) 100vw, 227px\" \/><\/a><\/p>\n<p style=\"text-align: center;\"><strong>Sebasti\u00e1n Mondejar<\/strong><\/p>\n<p style=\"text-align: justify;\">Nacido en Murcia en 1956, es m\u00fasico, percusionista, y su vida profesional ha girado esencialmente alrededor del mundo de la m\u00fasica, aunque tambi\u00e9n ha ejercido otros oficios: redactor, ilustrador y creativo de publicidad. Fue articulista de Diario 16 de Murcia y tambi\u00e9n han visto la luz colaboraciones suyas en el diario La Opini\u00f3n.<\/p>\n<p style=\"text-align: justify;\">Acc\u00e9sit del I Premio de poes\u00eda Los Odres en el a\u00f1o 2008, con el poemario \u00abLa herencia invisible\u00bb. Ha publicado poemas en revista de literatura como Monteagudo, Barcarola, El Urogallo, Postdata, Boca a boca, La puerta falsa y Hache.<\/p>\n","protected":false},"excerpt":{"rendered":"<p>Jurado del VII Certamen \u00abPoemas sin Rostro\u00bb 2012 Mari Cruz Ag\u00fcera \u00a0Mari Cruz Ag\u00fcera naci\u00f3 en Puerto de Mazarr\u00f3n (Murcia) en 1967, poeta vocacional y autodidacta, ha sido dos veces ganadora del primer premio de poes\u00eda Universidad Popular de Mazarr\u00f3n &hellip; <a href=\"https:\/\/www.canal-literatura.es\/Apoesia7\/jurado\/\">Sigue leyendo <span class=\"meta-nav\">&rarr;<\/span><\/a><\/p>\n","protected":false},"author":1,"featured_media":0,"parent":0,"menu_order":2,"comment_status":"closed","ping_status":"closed","template":"sidebar-page.php","meta":[],"_links":{"self":[{"href":"https:\/\/www.canal-literatura.es\/Apoesia7\/wp-json\/wp\/v2\/pages\/16"}],"collection":[{"href":"https:\/\/www.canal-literatura.es\/Apoesia7\/wp-json\/wp\/v2\/pages"}],"about":[{"href":"https:\/\/www.canal-literatura.es\/Apoesia7\/wp-json\/wp\/v2\/types\/page"}],"author":[{"embeddable":true,"href":"https:\/\/www.canal-literatura.es\/Apoesia7\/wp-json\/wp\/v2\/users\/1"}],"replies":[{"embeddable":true,"href":"https:\/\/www.canal-literatura.es\/Apoesia7\/wp-json\/wp\/v2\/comments?post=16"}],"version-history":[{"count":0,"href":"https:\/\/www.canal-literatura.es\/Apoesia7\/wp-json\/wp\/v2\/pages\/16\/revisions"}],"wp:attachment":[{"href":"https:\/\/www.canal-literatura.es\/Apoesia7\/wp-json\/wp\/v2\/media?parent=16"}],"curies":[{"name":"wp","href":"https:\/\/api.w.org\/{rel}","templated":true}]}}