{"id":213,"date":"2012-05-01T22:05:43","date_gmt":"2012-05-01T20:05:43","guid":{"rendered":"https:\/\/www.canal-literatura.es\/Apoesia7\/?page_id=213"},"modified":"2016-02-13T13:44:50","modified_gmt":"2016-02-13T11:44:50","slug":"entrevista-a-sebastian-mondejar","status":"publish","type":"page","link":"https:\/\/www.canal-literatura.es\/Apoesia7\/entrevista-a-sebastian-mondejar\/","title":{"rendered":"Entrevista a Sebasti\u00e1n Mond\u00e9jar."},"content":{"rendered":"<p style=\"text-align: center;\"><strong><span class=\"texto1\">\u00abTanto los escritores como los lectores tienen que ser muy humildes, sinceros y respetuosos con las palabras.\u00bb<\/span><\/strong><\/p>\n<p style=\"text-align: justify;\"><img decoding=\"async\" loading=\"lazy\" class=\" aligncenter\" style=\"border-width: 0px;\" title=\"Sebasti\u00e1n Mond\u00e9jar\" src=\"https:\/\/www.canal-literatura.es\/Apoesia7\/images\/Sebastian-Mondejar-12.jpg\" alt=\"Sebasti\u00e1n Mond\u00e9jar\" width=\"400\" height=\"281\" \/><\/p>\n<p style=\"text-align: justify;\"><span style=\"color: #000000;\"><strong>Sebasti\u00e1n Mond\u00e9jar<\/strong> es una persona que trasmite con su mirada una sensaci\u00f3n de calma interior, habla pausadamente,\u00a0siempre oportuno. Es amable y elegante hasta en los gestos m\u00e1s\u00a0nimios. Combina la m\u00fasica y la literatura con la naturalidad de un artista nato y la sencillez de un artesano que labora pausada y meticulasamente sus piezas. Actualmente est\u00e1 dedicado a la \u00a0traducci\u00f3n de los sonetos de Shakespeare que \u00e9l califica como:<em> \u00abUna de las aventuras literarias m\u00e1s importantes de mi vida\u00bb.<\/em><\/span><\/p>\n<p style=\"text-align: justify;\"><span style=\"color: #000000;\">Para Canal Literatura, es un honor contar con su presencia como jurado\u00a0en esta s\u00e9ptima edici\u00f3n del certamen \u00abPoemas sin Rostro.<\/span><\/p>\n<p style=\"text-align: center;\"><span style=\"color: #000000;\"><strong>Biograf\u00eda:<\/strong><\/span><\/p>\n<p style=\"text-align: justify;\"><span style=\"color: #000000;\"><strong>Sebasti\u00e1n Mond\u00e9jar<\/strong> es m\u00fasico y escritor, entre otras cosas. Naci\u00f3 en Murcia el 4 de febrero de 1956. Ha publicado cuatro libros de poes\u00eda: <em>Un camino en el aire<\/em> (Editora Regional de Murcia, 1994); <em>El jard\u00edn errante<\/em> (Editora Regional de Murcia, 1999), galardonado con el XIII Premio Internacional de Poes\u00eda Antonio Oliver Belm\u00e1s; <em>Coplas de arena<\/em> (Emboscal Editorial, 2002), en edici\u00f3n no venal manufacturada artesanalmente, y <em>La herencia invisible<\/em> (Calambur Editorial, 2008), que recibi\u00f3 el acc\u00e9sit del Primer Premio Internacional de Poes\u00eda Los Odres.<\/span><\/p>\n<p style=\"text-align: justify;\">\u00a0<\/p>\n<p style=\"text-align: center;\"><strong><span style=\"color: #000000;\">Entrevista<\/span><\/strong><\/p>\n<p style=\"text-align: justify;\"><span style=\"color: #800000;\">\u2022<\/span><span style=\"color: #800000;\">\u00a0Pregunta obligada. Podr\u00eda decirnos, seg\u00fan usted, \u00bfqu\u00e9 significa el t\u00e9rmino literatura?<\/span><\/p>\n<p style=\"text-align: justify;\">Se me antoja algo chocante la definici\u00f3n que hace la RAE: \u201cArte bello que utiliza como instrumento la palabra\u201d\u2026, dando por hecho que hay tambi\u00e9n artes feos o repelentes y obviando que existe igualmente una mala (o fea) literatura; en ese sentido, me parece m\u00e1s graciosa la descripci\u00f3n de Ambrose Bierce en su Diccionario del Diablo: \u201cConjunto de todos los escritos de la humanidad, salvo los de Hubert Howe Bancroft y Adair Welcker. Los suyos son aliteratura\u201d. Bromas aparte, la literatura es para m\u00ed esencialmente una fuente de conocimiento.<\/p>\n<p style=\"text-align: justify;\"><span style=\"color: #800000;\">\u2022 \u00bfQu\u00e9 relaci\u00f3n tiene con Internet en la actualidad?<\/span><\/p>\n<p style=\"text-align: justify;\">Digamos que mantengo una relaci\u00f3n estable, aunque no exenta de determinados altibajos. Procuro no olvidar que Internet es tan s\u00f3lo un utensilio m\u00e1s, muy \u00fatil, sin duda, y que en pocos a\u00f1os se ha hecho imprescindible, pero que en definitiva es \u00fanicamente eso, una herramienta con la que procuro estar al d\u00eda, usarla, conocerla, controlarla, pero sin permitir que me absorba demasiado tiempo. De la noche a la ma\u00f1ana nos hemos convertido, por poner un ejemplo, en aut\u00e9nticas oficinas de correos que en muchos casos han de administrar y despachar cientos o miles de mensajes mensualmente, y esa sola funci\u00f3n requiere ya mucho, demasiado tiempo del que no disponemos a no ser que se lo robemos a todo lo dem\u00e1s.<\/p>\n<p style=\"text-align: justify;\"><span style=\"color: #800000;\">\u2022 \u00bfQu\u00e9 opina de la Red y de \u00e9sta como soporte literario?<\/span><\/p>\n<p style=\"text-align: justify;\">La Red permite que un art\u00edculo, un relato o un poema lleguen a cualquier rinc\u00f3n del mundo y est\u00e9n al alcance de cualquier lector con una inmediatez y una comodidad espeluznantes. Como soporte, pues, goza de much\u00edsimas ventajas respecto a los sistemas tradicionales.<\/p>\n<p style=\"text-align: justify;\"><span style=\"color: #800000;\">\u2022 \u00bfQu\u00e9 cree que debe competir, el soporte o el contenido?<\/span><\/p>\n<p style=\"text-align: justify;\">M\u00e1s que competir, yo creo que tienen que convivir. En todo caso, para m\u00ed es mucho m\u00e1s importante el contenido. Por sofisticado que sea, un soporte no deja de ser un recipiente, un continente, un marco. Personalmente s\u00f3lo me preocupa que entre ambos haya al menos determinadas correspondencias, en las que primen la sobriedad, el equilibrio y el pundonor.<\/p>\n<p style=\"text-align: justify;\"><span style=\"color: #800000;\">\u2022 Su vida est\u00e1 ligada a la m\u00fasica y la literatura \u00bfEn qu\u00e9 proporci\u00f3n?<\/span><\/p>\n<p style=\"text-align: justify;\">Las dos van siempre conmigo, e incluso a veces se manifiestan juntas. Pero la m\u00fasica requiere de mucha m\u00e1s parafernalia y, por tanto, de m\u00e1s tiempo y mayor esfuerzo f\u00edsico\u2026 Ensayar, actuar, cargar, descargar, montar, desmontar, probar sonido, etc\u00e9tera. Y luego est\u00e1n los desplazamientos. Parafraseando el dicho, dir\u00e9 que me paso la vida y\u00e9ndome con la m\u00fasica a otra parte y que la literatura siempre me acompa\u00f1a.<\/p>\n<p style=\"text-align: justify;\"><span style=\"color: #800000;\">\u2022 Luis Alberto de Cuenca nos dijo charlando con nosotros que: \u201cSiempre he cre\u00eddo que poes\u00eda y m\u00fasica nacieron juntas, se separaron luego, pero conservan un gran recuerdo de la \u00e9poca en que iban de la mano.\u201d \u00bfQu\u00e9 opina al respecto?<\/span><\/p>\n<p style=\"text-align: justify;\">Pues opino exactamente lo mismo, salvo que yo me atrever\u00eda a decir que nunca se han separado del todo, gracias precisamente a que conservan ese gran recuerdo de cuando fueron de la mano. Yo, desde luego, procuro que vayan siempre juntas en mis recitales.<\/p>\n<p style=\"text-align: justify;\"><span style=\"color: #800000;\">\u2022 \u00bfC\u00f3mo decide que lo que quiere expresar tome forma en prosa o en poes\u00eda?<\/span><\/p>\n<p style=\"text-align: justify;\">No depende tanto de una decisi\u00f3n como de una forma de sentir las cosas. Dicho a grandes rasgos, escribo prosa para hacerme entender, para hablar con los dem\u00e1s, para salir al exterior\u2026, y escribo poes\u00eda para entrar en m\u00ed, dialogar conmigo mismo e intentar conocerme y comprender el mundo un poco m\u00e1s.<\/p>\n<p style=\"text-align: justify;\"><span style=\"color: #800000;\">\u2022 \u00bfTransmitir sensaciones al lector es el gran reto?<\/span><\/p>\n<p style=\"text-align: justify;\">Digamos sencillamente que el mayor reto es transmitir. Muchas veces las palabras vagan por derroteros muy distintos a los que nos proponemos y provocan sensaciones que escapan a nuestro alcance. B\u00e1sicamente pienso que tanto los escritores como los lectores tienen que ser muy humildes, sinceros y respetuosos con las palabras.<\/p>\n<p style=\"text-align: justify;\"><span style=\"color: #800000;\">\u2022 \u00bfQu\u00e9 le impulsa a escribir?<\/span><\/p>\n<p style=\"text-align: justify;\">\u00danicamente la confianza o la certeza de que algo que estoy sintiendo o pensando merece la pena de ser escrito. La mayor\u00eda de las veces es tambi\u00e9n como una especie de obediencia a un dictado interior.<\/p>\n<p style=\"text-align: justify;\"><span style=\"color: #800000;\">\u2022 \u00bfQu\u00e9 le impulsa a leer?<\/span><\/p>\n<p style=\"text-align: justify;\">La necesidad de descubrirme o reconocerme y descubrir el mundo a trav\u00e9s de lo que otros han escrito.<\/p>\n<p style=\"text-align: justify;\"><span style=\"color: #800000;\">\u2022 \u00bfQu\u00e9 aporta al individuo el dominio del lenguaje y la dial\u00e9ctica?<\/span><\/p>\n<p style=\"text-align: justify;\">Equilibrio, rigor, seguridad, depuraci\u00f3n\u2026, en definitiva, la posibilidad de recurrir siempre a la palabra justa. Pero, ojo. Sin inspiraci\u00f3n, sin verdadera emoci\u00f3n, las palabras apenas sirven para nada.<\/p>\n<p style=\"text-align: justify;\"><span style=\"color: #800000;\">\u2022 Nuestra comunidad est\u00e1 formada b\u00e1sicamente por escritores noveles. \u00bfPor qu\u00e9 es tan dif\u00edcil exponer y contrastar los textos propios con otros y, sobre todo, encajar las cr\u00edticas?<\/span><\/p>\n<p style=\"text-align: justify;\">Ocurre en todos los \u00e1mbitos. Una cosa es dar por bueno todo lo que escribimos y otra que lo den por bueno los dem\u00e1s. Pero as\u00ed est\u00e1n las cosas. Lo importante es atreverse a compartir lo que uno escribe sin prejuicios, sin afectaci\u00f3n, con humildad, con naturalidad, no las cr\u00edticas buenas o malas que nos hagan; una buena cr\u00edtica nos puede hacer mucho mal y una mala cr\u00edtica nos puede hacer mucho bien; lo verdaderamente dif\u00edcil es llegar a conocernos tanto a nosotros mismos que seamos capaces de ejercer la autocr\u00edtica con verdadera lucidez, sin complacencias. Para desempe\u00f1ar bien cualquier oficio o profesi\u00f3n hay que estar bien preparado, y muchas veces nos empe\u00f1amos en ser lo que no somos ni llegaremos a ser nunca. Que alguien nos diga, con raz\u00f3n o sin ella, que no servimos para algo puede a veces convertirse, como digo, en un revulsivo sumamente eficaz.<\/p>\n<p style=\"text-align: justify;\"><span style=\"color: #800000;\">\u2022 \u00bfLa poes\u00eda sigue siendo un arte para minor\u00edas?<\/span><\/p>\n<p style=\"text-align: justify;\">Esa expresi\u00f3n no deja de ser un t\u00f3pico\u2026 La poes\u00eda es muy amplia y abarca muchos y muy diversos campos. Y no voy a remontarme a la antig\u00fcedad (aunque, seg\u00fan un tradicional dicho \u00e1rabe, en el para\u00edso ya se hablaba en verso). No digo que no haya un tipo de poes\u00eda tan minoritaria que en realidad no sea m\u00e1s que una poes\u00eda empeque\u00f1ecedora; pero yo creo que la poes\u00eda es y ha sido siempre precisamente todo lo contrario: un arte para mayor\u00edas. Por parad\u00f3jico que parezca, estoy persuadido de que hay much\u00edsima m\u00e1s gente que no ha le\u00eddo nunca una novela que gente que no haya le\u00eddo o recitado nunca un poema\u2026<\/p>\n<p style=\"text-align: justify;\"><span style=\"color: #800000;\">\u2022 \u00bfA que aspira como poeta? \u00bfY como persona?<\/span><\/p>\n<p style=\"text-align: justify;\">Para m\u00ed, la poes\u00eda forma parte de la vida y ser poeta va con la persona, de modo que aspiro \u00fanicamente a ser buena persona y, por tanto, a ser un buen poeta como a ser un buen padre o un buen amigo.<\/p>\n<p style=\"text-align: justify;\"><span style=\"color: #800000;\">\u2022 \u00bfQu\u00e9 espera de un buen poema?<\/span><\/p>\n<p style=\"text-align: justify;\">Resumiendo: que me abra los ojos.<\/p>\n<p style=\"text-align: justify;\"><span style=\"color: #800000;\">\u2022 \u00bfHa tenido ocasi\u00f3n de participar en alg\u00fan otro certamen abierto en Internet? \u00bfQu\u00e9 opina de esta iniciativa?<\/span><\/p>\n<p style=\"text-align: justify;\">He participado en diversas actividades literarias en Internet, pero nunca como jurado. Cualquier iniciativa que favorezca la creatividad y la difusi\u00f3n de la cultura es digna de alabanza.<\/p>\n<p style=\"text-align: justify;\"><span style=\"color: #800000;\">\u2022 \u00bfCu\u00e1les son sus escritores preferidos o m\u00e1s importantes para usted?<\/span><\/p>\n<p style=\"text-align: justify;\">Por fortuna son innumerables. Por citar tan s\u00f3lo a algunos \u201ccl\u00e1sicos\u201d\u2026, Cervantes, Shakespeare, Montaigne, Tolstoy, Stendhal, Dickens, Kipling, Stevenson, Keats, Leopardi, Rilke, Dickinson, Machado, Juan Ram\u00f3n Jim\u00e9nez, Ram\u00f3n Gaya\u2026<\/p>\n<p style=\"text-align: justify;\"><span style=\"color: #800000;\">\u2022 H\u00e1blenos del lector \u00bfQu\u00e9 significa para usted?<\/span><\/p>\n<p style=\"text-align: justify;\">No s\u00e9\u2026, a bote pronto me imagino al lector como a alguien que est\u00e1 al otro lado del tel\u00e9fono, escuchando lo que dices al mismo tiempo que lo dices. Ahora recuerdo que una vez escrib\u00ed algo que sent\u00ed muy claramente: \u201cPessoa est\u00e1 escribiendo su Libro del desasosiego a la vez que lo leo\u201d. Otro s\u00edmil ser\u00eda el del espejo: el lector es aquel que se encuentra al otro lado, con la diferencia de que \u00e9l puede vernos a nosotros pero nosotros a \u00e9l no. En todo caso, quienes escribimos somos tambi\u00e9n, primordialmente, lectores\u2026, de modo que el lector, cualquier lector, viene a ser algo as\u00ed como un alter ego.<\/p>\n<p style=\"text-align: justify;\"><span style=\"color: #800000;\">\u2022 \u00bfUn mensaje para todos aquellos que se inician en el arte de contar historias\u2026?<\/span><\/p>\n<p style=\"text-align: justify;\">Pues nada\u2026, tan s\u00f3lo desearles un \u201cviaje\u201d sumamente emocionante y que procuren contarlo lo m\u00e1s fiel y claramente posible\u2026, y tambi\u00e9n que tengan mucho respeto con las palabras y mucha paciencia con las musas, y que no se precipiten ni se dejen arrastrar por el ansia de publicar o figurar.<\/p>\n<p style=\"text-align: justify;\"><span style=\"color: #888888;\"><em>Foto de\u00a0\u00a0Esther Cidoncha<\/em><\/span><\/p>\n","protected":false},"excerpt":{"rendered":"<p>\u00abTanto los escritores como los lectores tienen que ser muy humildes, sinceros y respetuosos con las palabras.\u00bb Sebasti\u00e1n Mond\u00e9jar es una persona que trasmite con su mirada una sensaci\u00f3n de calma interior, habla pausadamente,\u00a0siempre oportuno. Es amable y elegante hasta &hellip; <a href=\"https:\/\/www.canal-literatura.es\/Apoesia7\/entrevista-a-sebastian-mondejar\/\">Sigue leyendo <span class=\"meta-nav\">&rarr;<\/span><\/a><\/p>\n","protected":false},"author":1,"featured_media":0,"parent":0,"menu_order":0,"comment_status":"closed","ping_status":"closed","template":"sidebar-page.php","meta":[],"_links":{"self":[{"href":"https:\/\/www.canal-literatura.es\/Apoesia7\/wp-json\/wp\/v2\/pages\/213"}],"collection":[{"href":"https:\/\/www.canal-literatura.es\/Apoesia7\/wp-json\/wp\/v2\/pages"}],"about":[{"href":"https:\/\/www.canal-literatura.es\/Apoesia7\/wp-json\/wp\/v2\/types\/page"}],"author":[{"embeddable":true,"href":"https:\/\/www.canal-literatura.es\/Apoesia7\/wp-json\/wp\/v2\/users\/1"}],"replies":[{"embeddable":true,"href":"https:\/\/www.canal-literatura.es\/Apoesia7\/wp-json\/wp\/v2\/comments?post=213"}],"version-history":[{"count":0,"href":"https:\/\/www.canal-literatura.es\/Apoesia7\/wp-json\/wp\/v2\/pages\/213\/revisions"}],"wp:attachment":[{"href":"https:\/\/www.canal-literatura.es\/Apoesia7\/wp-json\/wp\/v2\/media?parent=213"}],"curies":[{"name":"wp","href":"https:\/\/api.w.org\/{rel}","templated":true}]}}